{"id":4095,"date":"2018-05-15T05:58:19","date_gmt":"2018-05-15T05:58:19","guid":{"rendered":"http:\/\/jozsefattilaiskola.ro\/?page_id=4095"},"modified":"2018-05-15T06:07:42","modified_gmt":"2018-05-15T06:07:42","slug":"jozsef-attilaert-egyesulet","status":"publish","type":"page","link":"https:\/\/jozsefattilaiskola.ro\/?page_id=4095","title":{"rendered":"J\u00f3zsef Attil\u00e1\u00e9rt Egyes\u00fclet"},"content":{"rendered":"<p>A Megy\u00fcnk El\u0151re Egyes\u00fclet, \u201cA Sz\u00fcl\u0151f\u00f6ld\u00f6n val\u00f3 boldogul\u00e1s, oktat\u00e1si int\u00e9zm\u00e9nyek mellett m\u00fck\u00f6d\u0151 szervezetek (\u00fajj\u00e1)szervez\u00e9se&#8221; programj\u00e1nak keret\u00e9n bel\u00fcl ker\u00fclt l\u00e9trehoz\u00e1sra a cs\u00edkszeredai J\u00f3zsef Attila \u00e1ltal\u00e1nos iskola mellett m\u00fck\u00f6d\u0151 egyes\u00fclet, mely a J\u00f3zsef Attil\u00e1\u00e9rt Egyes\u00fclet nevet viseli.<\/p>\n<p>A cs\u00edkszeredai sz\u00e9khely\u0171\u00a0egyes\u00fclet c\u00e9lja, hogy az iskola di\u00e1kjai sz\u00e1m\u00e1ra v\u00e1ltozatos programokat szervezzen, iskolai \u00e9let\u00e9t sz\u00ednesebb\u00e9 tegye. \u00a0Az iskola k\u00e9t \u00e9p\u00fcletben m\u0171k\u00f6dik, el\u0151k\u00e9sz\u00edt\u0151 oszt\u00e1lyban j\u00e1rnak a legkisebb di\u00e1kok, a legnagyobbak \u00a0pedig a nyolcadik oszt\u00e1lyban. K\u00f6r\u00fclbel\u00fcl 800\u00a0di\u00e1k \u00e9s taner\u0151 tanul, dolgozik az iskol\u00e1ban. Nagyon fontos sz\u00e1munkra, ez a l\u00e9p\u00e9s, hiszen \u00edgy tudunk p\u00e1ly\u00e1zni, \u00fajabb p\u00e9nzforr\u00e1shoz jutni, gazdagabb\u00e1 tudjuk tenni az iskol\u00e1sok \u00e9let\u00e9t. Az egyes\u00fclet c\u00e9ljai k\u00f6z\u00f6tt szerepel az iskolai \u00e9let megszervez\u00e9se, ifj\u00fas\u00e1gi tev\u00e9kenys\u00e9gek, sport tev\u00e9kenys\u00e9geken val\u00f3 r\u00e9szv\u00e9tel \u00e9s ilyen jelleg\u0171 p\u00e1ly\u00e1zatok lead\u00e1sa. Rom\u00e1ni\u00e1ban, az iskol\u00e1k, sajnos nem \u00f6r\u00f6kk\u00e9 tudnak ilyen c\u00e9lokra anyagi forr\u00e1st biztos\u00edtani, ez\u00e9rt p\u00e1ly\u00e1zatokb\u00f3l tudj\u00e1k ezt el\u0151\u00e1ll\u00edtani. \u00cdgy az ilyen jelleg\u0171 egyes\u00fcletek a tanint\u00e9zetek mellett m\u0171k\u00f6dnek. Alap\u00edt\u00f3 tagjai, az itt dolgoz\u00f3 taner\u0151k, akik \u00f6nk\u00e9ntesen v\u00e1llalnak ebben szerepet, hogy a di\u00e1kok \u00e9let\u00e9t szebb\u00e9 tehess\u00e9k.<\/p>\n<p>A Megy\u00fcnk El\u0151re Egyes\u00fclet seg\u00edts\u00e9g\u00e9vel j\u00f6tt l\u00e9tre a cs\u00edkszeredai J\u00f3zsef \u00a0Attila Egyes\u00fclet.<\/p>\n<p>A program t\u00e1mogat\u00f3ja a magyarorsz\u00e1gi Bethlen G\u00e1bor Alapkezel\u0151 Zrt.<\/p>\n<p><a href=\"http:\/\/jozsefattilaiskola.ro\/wp-content\/uploads\/2018\/05\/Picture1.png\"><img loading=\"lazy\" decoding=\"async\" class=\"alignnone size-full wp-image-4096\" src=\"http:\/\/jozsefattilaiskola.ro\/wp-content\/uploads\/2018\/05\/Picture1.png\" alt=\"\" width=\"1430\" height=\"358\" srcset=\"https:\/\/jozsefattilaiskola.ro\/wp-content\/uploads\/2018\/05\/Picture1.png 1430w, https:\/\/jozsefattilaiskola.ro\/wp-content\/uploads\/2018\/05\/Picture1-300x75.png 300w, https:\/\/jozsefattilaiskola.ro\/wp-content\/uploads\/2018\/05\/Picture1-768x192.png 768w, https:\/\/jozsefattilaiskola.ro\/wp-content\/uploads\/2018\/05\/Picture1-1024x256.png 1024w\" sizes=\"(max-width: 1430px) 100vw, 1430px\" \/><\/a><\/p>\n<div id=\"themify_builder_content-4095\" data-postid=\"4095\" class=\"themify_builder_content themify_builder_content-4095 themify_builder\">\n\n    <\/div>\n<!-- \/themify_builder_content -->","protected":false},"excerpt":{"rendered":"<p>A Megy\u00fcnk El\u0151re Egyes\u00fclet, \u201cA Sz\u00fcl\u0151f\u00f6ld\u00f6n val\u00f3 boldogul\u00e1s, oktat\u00e1si int\u00e9zm\u00e9nyek mellett m\u00fck\u00f6d\u0151 szervezetek (\u00fajj\u00e1)szervez\u00e9se&#8221; programj\u00e1nak keret\u00e9n bel\u00fcl ker\u00fclt l\u00e9trehoz\u00e1sra a cs\u00edkszeredai J\u00f3zsef Attila \u00e1ltal\u00e1nos iskola mellett m\u00fck\u00f6d\u0151 egyes\u00fclet, mely a J\u00f3zsef Attil\u00e1\u00e9rt Egyes\u00fclet nevet viseli. A cs\u00edkszeredai sz\u00e9khely\u0171\u00a0egyes\u00fclet c\u00e9lja, hogy az iskola di\u00e1kjai sz\u00e1m\u00e1ra v\u00e1ltozatos programokat szervezzen, iskolai \u00e9let\u00e9t sz\u00ednesebb\u00e9 tegye. \u00a0Az iskola k\u00e9t \u00e9p\u00fcletben [&hellip;]<\/p>\n","protected":false},"author":1,"featured_media":0,"parent":0,"menu_order":0,"comment_status":"closed","ping_status":"closed","template":"","meta":{"footnotes":""},"class_list":["post-4095","page","type-page","status-publish","hentry","no-post-title","no-post-date","has-post-category","has-post-tag","has-post-comment","has-post-author",""],"builder_content":"","_links":{"self":[{"href":"https:\/\/jozsefattilaiskola.ro\/index.php?rest_route=\/wp\/v2\/pages\/4095"}],"collection":[{"href":"https:\/\/jozsefattilaiskola.ro\/index.php?rest_route=\/wp\/v2\/pages"}],"about":[{"href":"https:\/\/jozsefattilaiskola.ro\/index.php?rest_route=\/wp\/v2\/types\/page"}],"author":[{"embeddable":true,"href":"https:\/\/jozsefattilaiskola.ro\/index.php?rest_route=\/wp\/v2\/users\/1"}],"replies":[{"embeddable":true,"href":"https:\/\/jozsefattilaiskola.ro\/index.php?rest_route=%2Fwp%2Fv2%2Fcomments&post=4095"}],"version-history":[{"count":4,"href":"https:\/\/jozsefattilaiskola.ro\/index.php?rest_route=\/wp\/v2\/pages\/4095\/revisions"}],"predecessor-version":[{"id":4104,"href":"https:\/\/jozsefattilaiskola.ro\/index.php?rest_route=\/wp\/v2\/pages\/4095\/revisions\/4104"}],"wp:attachment":[{"href":"https:\/\/jozsefattilaiskola.ro\/index.php?rest_route=%2Fwp%2Fv2%2Fmedia&parent=4095"}],"curies":[{"name":"wp","href":"https:\/\/api.w.org\/{rel}","templated":true}]}}