{"id":2434,"date":"2015-02-01T10:32:41","date_gmt":"2015-02-01T10:32:41","guid":{"rendered":"http:\/\/jozsefattilaiskola.ro\/uj\/?page_id=2434"},"modified":"2016-11-18T10:46:07","modified_gmt":"2016-11-18T10:46:07","slug":"iskolai-konyvtarak","status":"publish","type":"page","link":"https:\/\/jozsefattilaiskola.ro\/?page_id=2434","title":{"rendered":"Iskolai k\u00f6nyvt\u00e1rak"},"content":{"rendered":"<h1 style=\"text-align: center;\"><span style=\"font-size: 24pt;\"><strong>Iskolak\u00f6nyvt\u00e1r<\/strong><\/span><\/h1>\n<p>&nbsp;<\/p>\n<p>A cs\u00edkszeredai J\u00f3zsef Attila \u00c1ltal\u00e1nos Iskola k\u00f6nyvt\u00e1ra egyid\u00f5ben l\u00e9tes\u00fclt az iskola alap\u00edt\u00e1s\u00e1val, 1990-ben.<br \/>\nA k\u00f6nyvek nagy r\u00e9sze a volt p\u00e1rtkabinet, valamint a hajdani 11-es sz\u00e1m\u00fa \u00e1ltal\u00e1nos iskola k\u00f6nyvt\u00e1r\u00e1b\u00f3l ker\u00fclt int\u00e9zm\u00e9ny\u00fcnkbe. A m\u00e1r eml\u00edtett k\u00f6nyv\u00e1llom\u00e1nyt 1990 janu\u00e1r 25-\u00e9n alaposan \u00e1tv\u00e1logatt\u00e1k, j\u00f3r\u00e9sz\u00e9t belelt\u00e1rozt\u00e1k &#8211; ek\u00e9ppen \u00faj k\u00f6nyvt\u00e1rat l\u00e9tes\u00edtve -, a t\u00f6bbi k\u00f6nyvet pedig tov\u00e1bb adom\u00e1nyozt\u00e1k a M\u00e1rton \u00c1ron F\u00f5gimn\u00e1ziumnak, a Cs\u00edki Sz\u00e9kely M\u00fazeumnak, valamint az Octavian Goga L\u00edceumnak. Az \u00e1tv\u00e1logatott sz\u00e9pirodalmi, gyermek- \u00e9s ifj\u00fas\u00e1gi t\u00e9m\u00e1j\u00fa \u00e9s tudom\u00e1nyos k\u00f6nyvekb\u00f5l j\u00f6tt l\u00e9tre a tulajdonk\u00e9ppeni k\u00f6nyvt\u00e1ralap. Az \u00e9vek sor\u00e1n az iskol\u00e1ban t\u00f6rt\u00e9nt \u00e1talak\u00edt\u00e1sok folyt\u00e1n a k\u00f6nyvt\u00e1r is t\u00f6bbsz\u00f6r k\u00f6lt\u00f6z\u00f6tt m\u00e1s helyis\u00e9gbe, \u00edgy t\u00f6bbsz\u00f6r is \u00e1trendezt\u00fck az \u00e1llom\u00e1nyt.Id\u00f5k\u00f6zben a k\u00f6nyv\u00e1llom\u00e1ny b\u00f5v\u00fclt a testv\u00e9riskolai kapcsolatoknak k\u00f6sz\u00f6nhet\u00f5en. K\u00fcl\u00f6n\u00f6sk\u00e9pp a cserkesz\u00f5l\u00f5i iskola, a szegedi Zr\u00ednyi Ilona \u00c1ltal\u00e1nos Iskola, valamint a gy\u00f5ri J\u00f3kai M\u00f3r Iskola \u00f6nzetlen t\u00e1mogat\u00e1s\u00e1\u00e9rt tartozunk h\u00e1l\u00e1s k\u00f6sz\u00f6nettel. Ugyanakkor\u00a0 gazdag\u00edtott\u00e1k \u00e1llom\u00e1nyunkat a Pallas Akad\u00e9mia K\u00f6nyvkiad\u00f3, a Corvina K\u00f6nyvesh\u00e1z, a Rom\u00e1niai Magyar Pedag\u00f3gusok Sz\u00f6vets\u00e9ge, az Erd\u00e9lyi Fiatalok\u00e9rt Alap\u00edtv\u00e1ny, az Orsz\u00e1gos Sz\u00e9ch\u00e9nyi K\u00f6nyvt\u00e1r, a Seg\u00edtsd az iskol\u00e1dat! verseny nyerem\u00e9nyk\u00f6nyvei, az int\u00e9zm\u00e9ny volt igazgat\u00f3n\u00f5je, Borb\u00e1th Erzs\u00e9bet tan\u00e1rn\u00f5 is.<br \/>\nA lelt\u00e1rk\u00f6nyv tan\u00fas\u00e1ga szerint jelenleg 10200 k\u00f6tettel rendelkez\u00fcnk, ez nagyj\u00e1b\u00f3l kiel\u00e9g\u00edti a tanul\u00f3k h\u00e1ziolvasm\u00e1ny-ig\u00e9nyeit, viszont sz\u00fcks\u00e9g\u00fcnk volna egy olyan multifunkcion\u00e1lis olvas\u00f3teremre, ahol internetes hozz\u00e1f\u00e9rhet\u00f5s\u00e9ggel is rendelkezn\u00e9nk. Ugyancsak ebben a teremben kaphatn\u00e1nak helyet a napi \u00e9s hetilapok, periodik\u00e1k s egy\u00e9b foly\u00f3iratok, \u00fagyszint\u00e9n audiovizu\u00e1lis eszk\u00f6z\u00f6k.<\/p>\n<p><strong>Krist\u00f3 Zita<\/strong><br \/>\nk\u00f6nyvt\u00e1ros<\/p>\n<div id=\"themify_builder_content-2434\" data-postid=\"2434\" class=\"themify_builder_content themify_builder_content-2434 themify_builder\">\n\n    <\/div>\n<!-- \/themify_builder_content -->","protected":false},"excerpt":{"rendered":"<p>Iskolak\u00f6nyvt\u00e1r &nbsp; A cs\u00edkszeredai J\u00f3zsef Attila \u00c1ltal\u00e1nos Iskola k\u00f6nyvt\u00e1ra egyid\u00f5ben l\u00e9tes\u00fclt az iskola alap\u00edt\u00e1s\u00e1val, 1990-ben. A k\u00f6nyvek nagy r\u00e9sze a volt p\u00e1rtkabinet, valamint a hajdani 11-es sz\u00e1m\u00fa \u00e1ltal\u00e1nos iskola k\u00f6nyvt\u00e1r\u00e1b\u00f3l ker\u00fclt int\u00e9zm\u00e9ny\u00fcnkbe. A m\u00e1r eml\u00edtett k\u00f6nyv\u00e1llom\u00e1nyt 1990 janu\u00e1r 25-\u00e9n alaposan \u00e1tv\u00e1logatt\u00e1k, j\u00f3r\u00e9sz\u00e9t belelt\u00e1rozt\u00e1k &#8211; ek\u00e9ppen \u00faj k\u00f6nyvt\u00e1rat l\u00e9tes\u00edtve -, a t\u00f6bbi k\u00f6nyvet pedig tov\u00e1bb adom\u00e1nyozt\u00e1k [&hellip;]<\/p>\n","protected":false},"author":1,"featured_media":0,"parent":0,"menu_order":0,"comment_status":"open","ping_status":"open","template":"","meta":{"footnotes":""},"class_list":["post-2434","page","type-page","status-publish","hentry","no-post-title","no-post-date","has-post-category","has-post-tag","has-post-comment","has-post-author",""],"builder_content":"","_links":{"self":[{"href":"https:\/\/jozsefattilaiskola.ro\/index.php?rest_route=\/wp\/v2\/pages\/2434"}],"collection":[{"href":"https:\/\/jozsefattilaiskola.ro\/index.php?rest_route=\/wp\/v2\/pages"}],"about":[{"href":"https:\/\/jozsefattilaiskola.ro\/index.php?rest_route=\/wp\/v2\/types\/page"}],"author":[{"embeddable":true,"href":"https:\/\/jozsefattilaiskola.ro\/index.php?rest_route=\/wp\/v2\/users\/1"}],"replies":[{"embeddable":true,"href":"https:\/\/jozsefattilaiskola.ro\/index.php?rest_route=%2Fwp%2Fv2%2Fcomments&post=2434"}],"version-history":[{"count":4,"href":"https:\/\/jozsefattilaiskola.ro\/index.php?rest_route=\/wp\/v2\/pages\/2434\/revisions"}],"predecessor-version":[{"id":3150,"href":"https:\/\/jozsefattilaiskola.ro\/index.php?rest_route=\/wp\/v2\/pages\/2434\/revisions\/3150"}],"wp:attachment":[{"href":"https:\/\/jozsefattilaiskola.ro\/index.php?rest_route=%2Fwp%2Fv2%2Fmedia&parent=2434"}],"curies":[{"name":"wp","href":"https:\/\/api.w.org\/{rel}","templated":true}]}}