{"id":2430,"date":"2015-02-01T10:27:27","date_gmt":"2015-02-01T10:27:27","guid":{"rendered":"http:\/\/jozsefattilaiskola.ro\/uj\/?page_id=2430"},"modified":"2022-09-29T13:05:29","modified_gmt":"2022-09-29T10:05:29","slug":"titkarsag","status":"publish","type":"page","link":"https:\/\/jozsefattilaiskola.ro\/?page_id=2430","title":{"rendered":"Titk\u00e1rs\u00e1g"},"content":{"rendered":"<h1 style=\"text-align: center;\"><span style=\"font-size: 18pt;\"><strong>A J\u00f3zsef Attila \u00c1ltal\u00e1nos Iskola Titk\u00e1rs\u00e1g\u00e1nak programja<\/strong><\/span><\/h1>\n<p>\u00a0<\/p>\n<h4><strong>Miron Cristea utca 1. sz\u00e1m<\/strong><\/h4>\n<p><strong>Lad\u00f3 Zsuzs\u00e1nna\u00a0<\/strong>&#8211; f\u0151titk\u00e1r &#8211; naponta 8:00-16:00<br \/>Mobil &#8211; 0730-584-677<\/p>\n<h4><strong>Testv\u00e9ris\u00e9g sug\u00e1r\u00fat 20. sz\u00e1m<\/strong><\/h4>\n<p><strong>Simon Aranka<\/strong> &#8211; titk\u00e1r &#8211; naponta 7:00-15:00 <br \/>Mobil &#8211; 0733-970-519<\/p>\n\n<div id=\"themify_builder_content-2430\" data-postid=\"2430\" class=\"themify_builder_content themify_builder_content-2430 themify_builder\">\n\n    <\/div>\n","protected":false},"excerpt":{"rendered":"<p>A J\u00f3zsef Attila \u00c1ltal\u00e1nos Iskola Titk\u00e1rs\u00e1g\u00e1nak programja \u00a0 Miron Cristea utca 1. sz\u00e1m Lad\u00f3 Zsuzs\u00e1nna\u00a0&#8211; f\u0151titk\u00e1r &#8211; naponta 8:00-16:00Mobil &#8211; 0730-584-677 Testv\u00e9ris\u00e9g sug\u00e1r\u00fat 20. sz\u00e1m Simon Aranka &#8211; titk\u00e1r &#8211; naponta 7:00-15:00 Mobil &#8211; 0733-970-519<\/p>\n","protected":false},"author":1,"featured_media":0,"parent":0,"menu_order":0,"comment_status":"open","ping_status":"open","template":"","meta":{"footnotes":""},"class_list":["post-2430","page","type-page","status-publish","hentry","no-post-title","no-post-date","has-post-category","has-post-tag","has-post-comment","has-post-author",""],"builder_content":"","_links":{"self":[{"href":"https:\/\/jozsefattilaiskola.ro\/index.php?rest_route=\/wp\/v2\/pages\/2430"}],"collection":[{"href":"https:\/\/jozsefattilaiskola.ro\/index.php?rest_route=\/wp\/v2\/pages"}],"about":[{"href":"https:\/\/jozsefattilaiskola.ro\/index.php?rest_route=\/wp\/v2\/types\/page"}],"author":[{"embeddable":true,"href":"https:\/\/jozsefattilaiskola.ro\/index.php?rest_route=\/wp\/v2\/users\/1"}],"replies":[{"embeddable":true,"href":"https:\/\/jozsefattilaiskola.ro\/index.php?rest_route=%2Fwp%2Fv2%2Fcomments&post=2430"}],"version-history":[{"count":16,"href":"https:\/\/jozsefattilaiskola.ro\/index.php?rest_route=\/wp\/v2\/pages\/2430\/revisions"}],"predecessor-version":[{"id":7529,"href":"https:\/\/jozsefattilaiskola.ro\/index.php?rest_route=\/wp\/v2\/pages\/2430\/revisions\/7529"}],"wp:attachment":[{"href":"https:\/\/jozsefattilaiskola.ro\/index.php?rest_route=%2Fwp%2Fv2%2Fmedia&parent=2430"}],"curies":[{"name":"wp","href":"https:\/\/api.w.org\/{rel}","templated":true}]}}