{"id":2428,"date":"2015-02-01T10:26:44","date_gmt":"2015-02-01T10:26:44","guid":{"rendered":"http:\/\/jozsefattilaiskola.ro\/uj\/?page_id=2428"},"modified":"2025-10-20T13:36:32","modified_gmt":"2025-10-20T10:36:32","slug":"pedagogusok","status":"publish","type":"page","link":"https:\/\/jozsefattilaiskola.ro\/?page_id=2428","title":{"rendered":"Alkalmazottak"},"content":{"rendered":"<div id=\"themify_builder_content-2428\" data-postid=\"2428\" class=\"themify_builder_content themify_builder_content-2428 themify_builder\">\n\n    \n\t\t<!-- module_row -->\n\t\t<div  class=\"themify_builder_row module_row clearfix module_row_0 themify_builder_2428_row module_row_2428-0\" data-id=\"e347694\">\n\t\t\t\t\t\t<div class=\"row_inner col_align_top\" >\n                                    <div  class=\"module_column tb-column col-full first tb_2428_column module_column_0 module_column_2428-0-0\" data-id=\"af51d4d\" >\n                                                                <div class=\"tb-column-inner\">\n                            \n\n    <!-- module image -->\n    <div  id=\"image-2428-0-0-0\" class=\"module module-image image-2428-0-0-0  image-top  \" data-id=\"f2f534d\">\n        <!--insert-->\n        \n        <div class=\"image-wrap\">\n                            <img loading=\"lazy\" decoding=\"async\" width=\"724\" height=\"1024\" src=\"http:\/\/jozsefattilaiskola.ro\/wp-content\/uploads\/2025\/10\/lista-angajati-2025-2026_page-0001-724x1024.jpg\" class=\" wp-post-image wp-image-8239\" alt=\"lista angajati 2025 2026_page 0001\" srcset=\"https:\/\/jozsefattilaiskola.ro\/wp-content\/uploads\/2025\/10\/lista-angajati-2025-2026_page-0001-724x1024.jpg 724w, https:\/\/jozsefattilaiskola.ro\/wp-content\/uploads\/2025\/10\/lista-angajati-2025-2026_page-0001-212x300.jpg 212w, https:\/\/jozsefattilaiskola.ro\/wp-content\/uploads\/2025\/10\/lista-angajati-2025-2026_page-0001-768x1086.jpg 768w, https:\/\/jozsefattilaiskola.ro\/wp-content\/uploads\/2025\/10\/lista-angajati-2025-2026_page-0001-1087x1536.jpg 1087w, https:\/\/jozsefattilaiskola.ro\/wp-content\/uploads\/2025\/10\/lista-angajati-2025-2026_page-0001.jpg 1240w\" sizes=\"(max-width: 724px) 100vw, 724px\" \/>            \n                        <\/div>\n            <!-- \/image-wrap -->\n        \n        \n            <\/div>\n    <!-- \/module image -->\n\n                        <\/div>\n                    \t\t<\/div>\n\t\t                                <\/div>\n                                <!-- \/row_inner -->\n                        <\/div>\n                        <!-- \/module_row -->\n\t\t\n\t\t<!-- module_row -->\n\t\t<div  class=\"themify_builder_row module_row clearfix module_row_1 themify_builder_2428_row module_row_2428-1\" data-id=\"f31c2fc\">\n\t\t\t\t\t\t<div class=\"row_inner col_align_top\" >\n                                    <div  class=\"module_column tb-column col-full first tb_2428_column module_column_0 module_column_2428-1-0\" data-id=\"cf856b0\" >\n                                                                <div class=\"tb-column-inner\">\n                            \n\n    <!-- module image -->\n    <div  id=\"image-2428-1-0-0\" class=\"module module-image image-2428-1-0-0  image-top  \" data-id=\"c17763f\">\n        <!--insert-->\n        \n        <div class=\"image-wrap\">\n                            <img loading=\"lazy\" decoding=\"async\" width=\"724\" height=\"1024\" src=\"http:\/\/jozsefattilaiskola.ro\/wp-content\/uploads\/2025\/10\/lista-angajati-2025-2026_page-0002-724x1024.jpg\" class=\" wp-post-image wp-image-8240\" alt=\"lista angajati 2025 2026_page 0002\" srcset=\"https:\/\/jozsefattilaiskola.ro\/wp-content\/uploads\/2025\/10\/lista-angajati-2025-2026_page-0002-724x1024.jpg 724w, https:\/\/jozsefattilaiskola.ro\/wp-content\/uploads\/2025\/10\/lista-angajati-2025-2026_page-0002-212x300.jpg 212w, https:\/\/jozsefattilaiskola.ro\/wp-content\/uploads\/2025\/10\/lista-angajati-2025-2026_page-0002-768x1086.jpg 768w, https:\/\/jozsefattilaiskola.ro\/wp-content\/uploads\/2025\/10\/lista-angajati-2025-2026_page-0002-1087x1536.jpg 1087w, https:\/\/jozsefattilaiskola.ro\/wp-content\/uploads\/2025\/10\/lista-angajati-2025-2026_page-0002.jpg 1240w\" sizes=\"(max-width: 724px) 100vw, 724px\" \/>            \n                        <\/div>\n            <!-- \/image-wrap -->\n        \n        \n            <\/div>\n    <!-- \/module image -->\n\n                        <\/div>\n                    \t\t<\/div>\n\t\t                                <\/div>\n                                <!-- \/row_inner -->\n                        <\/div>\n                        <!-- \/module_row -->\n\t\t\n\t\t<!-- module_row -->\n\t\t<div  class=\"themify_builder_row module_row clearfix module_row_2 themify_builder_2428_row module_row_2428-2\" data-id=\"fe76659\">\n\t\t\t\t\t\t<div class=\"row_inner col_align_top\" >\n                                    <div  class=\"module_column tb-column col-full first tb_2428_column module_column_0 module_column_2428-2-0\" data-id=\"28effac\" >\n                                                                <div class=\"tb-column-inner\">\n                            \n\n    <!-- module image -->\n    <div  id=\"image-2428-2-0-0\" class=\"module module-image image-2428-2-0-0  image-top  \" data-id=\"f0f6344\">\n        <!--insert-->\n        \n        <div class=\"image-wrap\">\n                            <img loading=\"lazy\" decoding=\"async\" width=\"724\" height=\"1024\" src=\"http:\/\/jozsefattilaiskola.ro\/wp-content\/uploads\/2025\/10\/lista-angajati-2025-2026_page-0003-724x1024.jpg\" class=\" wp-post-image wp-image-8241\" alt=\"lista angajati 2025 2026_page 0003\" srcset=\"https:\/\/jozsefattilaiskola.ro\/wp-content\/uploads\/2025\/10\/lista-angajati-2025-2026_page-0003-724x1024.jpg 724w, https:\/\/jozsefattilaiskola.ro\/wp-content\/uploads\/2025\/10\/lista-angajati-2025-2026_page-0003-212x300.jpg 212w, https:\/\/jozsefattilaiskola.ro\/wp-content\/uploads\/2025\/10\/lista-angajati-2025-2026_page-0003-768x1086.jpg 768w, https:\/\/jozsefattilaiskola.ro\/wp-content\/uploads\/2025\/10\/lista-angajati-2025-2026_page-0003-1087x1536.jpg 1087w, https:\/\/jozsefattilaiskola.ro\/wp-content\/uploads\/2025\/10\/lista-angajati-2025-2026_page-0003.jpg 1240w\" sizes=\"(max-width: 724px) 100vw, 724px\" \/>            \n                        <\/div>\n            <!-- \/image-wrap -->\n        \n        \n            <\/div>\n    <!-- \/module image -->\n\n                        <\/div>\n                    \t\t<\/div>\n\t\t                                <\/div>\n                                <!-- \/row_inner -->\n                        <\/div>\n                        <!-- \/module_row -->\n\t\t\n\t\t<!-- module_row -->\n\t\t<div  class=\"themify_builder_row module_row clearfix module_row_3 themify_builder_2428_row module_row_2428-3\" data-id=\"ee8e3ba\">\n\t\t\t\t\t\t<div class=\"row_inner col_align_top\" >\n                                    <div  class=\"module_column tb-column col-full first tb_2428_column module_column_0 module_column_2428-3-0\" data-id=\"0957582\" >\n                                                                <div class=\"tb-column-inner\">\n                            \n\n<!-- module text -->\n<div  id=\"text-2428-3-0-0\" class=\"module module-text text-2428-3-0-0  repeat  \" data-id=\"a00b202\">\n    <!--insert-->\n    \n        <p>\u00a0<\/p>\n<p><a href=\"http:\/\/jozsefattilaiskola.ro\/wp-content\/uploads\/2025\/09\/pedagogusok-fogadoorai-2025.pdf\">Pedag\u00f3gusok fogad\u00f3\u00f3r\u00e1ja 2025-2026<\/a><\/p>        <\/div>\n<!-- \/module text -->\n\n                        <\/div>\n                    \t\t<\/div>\n\t\t                                <\/div>\n                                <!-- \/row_inner -->\n                        <\/div>\n                        <!-- \/module_row -->\n\t\t\n\t\t<!-- module_row -->\n\t\t<div  class=\"themify_builder_row module_row clearfix module_row_4 themify_builder_2428_row module_row_2428-4\" data-id=\"ada66f1\">\n\t\t\t\t\t\t<div class=\"row_inner col_align_top\" >\n                                    <div  class=\"module_column tb-column col-full first tb_2428_column module_column_0 module_column_2428-4-0\" data-id=\"c8e78e1\" >\n                                                                <div class=\"tb-column-inner\">\n                            \n\n<!-- module text -->\n<div  id=\"text-2428-4-0-0\" class=\"module module-text text-2428-4-0-0  repeat  \" data-id=\"a65b7b8\">\n    <!--insert-->\n    \n        <p>\u00a0<\/p>\n<p style=\"text-align: center;\"><a href=\"http:\/\/jozsefattilaiskola.ro\/wp-content\/uploads\/2025\/10\/venituri-sept-2025_rotated.pdf\">J\u00f6vedelmek 2025-2026<\/a><\/p>        <\/div>\n<!-- \/module text -->\n\n                        <\/div>\n                    \t\t<\/div>\n\t\t                                <\/div>\n                                <!-- \/row_inner -->\n                        <\/div>\n                        <!-- \/module_row -->\n\t\t<\/div>\n","protected":false},"excerpt":{"rendered":"<p>\u00a0 Pedag\u00f3gusok fogad\u00f3\u00f3r\u00e1ja 2025-2026 \u00a0 J\u00f6vedelmek 2025-2026<\/p>\n","protected":false},"author":1,"featured_media":0,"parent":0,"menu_order":0,"comment_status":"open","ping_status":"open","template":"","meta":{"footnotes":""},"class_list":["post-2428","page","type-page","status-publish","hentry","no-post-title","no-post-date","has-post-category","has-post-tag","has-post-comment","has-post-author",""],"builder_content":"<img loading=\"lazy\" decoding=\"async\" width=\"724\" height=\"1024\" src=\"http:\/\/jozsefattilaiskola.ro\/wp-content\/uploads\/2025\/10\/lista-angajati-2025-2026_page-0001-724x1024.jpg\" alt=\"lista angajati 2025 2026_page 0001\" srcset=\"https:\/\/jozsefattilaiskola.ro\/wp-content\/uploads\/2025\/10\/lista-angajati-2025-2026_page-0001-724x1024.jpg 724w, https:\/\/jozsefattilaiskola.ro\/wp-content\/uploads\/2025\/10\/lista-angajati-2025-2026_page-0001-212x300.jpg 212w, https:\/\/jozsefattilaiskola.ro\/wp-content\/uploads\/2025\/10\/lista-angajati-2025-2026_page-0001-768x1086.jpg 768w, https:\/\/jozsefattilaiskola.ro\/wp-content\/uploads\/2025\/10\/lista-angajati-2025-2026_page-0001-1087x1536.jpg 1087w, https:\/\/jozsefattilaiskola.ro\/wp-content\/uploads\/2025\/10\/lista-angajati-2025-2026_page-0001.jpg 1240w\" sizes=\"(max-width: 724px) 100vw, 724px\" \/> \n <img loading=\"lazy\" decoding=\"async\" width=\"724\" height=\"1024\" src=\"http:\/\/jozsefattilaiskola.ro\/wp-content\/uploads\/2025\/10\/lista-angajati-2025-2026_page-0002-724x1024.jpg\" alt=\"lista angajati 2025 2026_page 0002\" srcset=\"https:\/\/jozsefattilaiskola.ro\/wp-content\/uploads\/2025\/10\/lista-angajati-2025-2026_page-0002-724x1024.jpg 724w, https:\/\/jozsefattilaiskola.ro\/wp-content\/uploads\/2025\/10\/lista-angajati-2025-2026_page-0002-212x300.jpg 212w, https:\/\/jozsefattilaiskola.ro\/wp-content\/uploads\/2025\/10\/lista-angajati-2025-2026_page-0002-768x1086.jpg 768w, https:\/\/jozsefattilaiskola.ro\/wp-content\/uploads\/2025\/10\/lista-angajati-2025-2026_page-0002-1087x1536.jpg 1087w, https:\/\/jozsefattilaiskola.ro\/wp-content\/uploads\/2025\/10\/lista-angajati-2025-2026_page-0002.jpg 1240w\" sizes=\"(max-width: 724px) 100vw, 724px\" \/> \n <img loading=\"lazy\" decoding=\"async\" width=\"724\" height=\"1024\" src=\"http:\/\/jozsefattilaiskola.ro\/wp-content\/uploads\/2025\/10\/lista-angajati-2025-2026_page-0003-724x1024.jpg\" alt=\"lista angajati 2025 2026_page 0003\" srcset=\"https:\/\/jozsefattilaiskola.ro\/wp-content\/uploads\/2025\/10\/lista-angajati-2025-2026_page-0003-724x1024.jpg 724w, https:\/\/jozsefattilaiskola.ro\/wp-content\/uploads\/2025\/10\/lista-angajati-2025-2026_page-0003-212x300.jpg 212w, https:\/\/jozsefattilaiskola.ro\/wp-content\/uploads\/2025\/10\/lista-angajati-2025-2026_page-0003-768x1086.jpg 768w, https:\/\/jozsefattilaiskola.ro\/wp-content\/uploads\/2025\/10\/lista-angajati-2025-2026_page-0003-1087x1536.jpg 1087w, https:\/\/jozsefattilaiskola.ro\/wp-content\/uploads\/2025\/10\/lista-angajati-2025-2026_page-0003.jpg 1240w\" sizes=\"(max-width: 724px) 100vw, 724px\" \/> \n <p>\u00a0<\/p> <p><a href=\"http:\/\/jozsefattilaiskola.ro\/wp-content\/uploads\/2025\/09\/pedagogusok-fogadoorai-2025.pdf\">Pedag\u00f3gusok fogad\u00f3\u00f3r\u00e1ja 2025-2026<\/a><\/p> \n <p>\u00a0<\/p> <p style=\"text-align: center;\"><a href=\"http:\/\/jozsefattilaiskola.ro\/wp-content\/uploads\/2025\/10\/venituri-sept-2025_rotated.pdf\">J\u00f6vedelmek 2025-2026<\/a><\/p>","_links":{"self":[{"href":"https:\/\/jozsefattilaiskola.ro\/index.php?rest_route=\/wp\/v2\/pages\/2428"}],"collection":[{"href":"https:\/\/jozsefattilaiskola.ro\/index.php?rest_route=\/wp\/v2\/pages"}],"about":[{"href":"https:\/\/jozsefattilaiskola.ro\/index.php?rest_route=\/wp\/v2\/types\/page"}],"author":[{"embeddable":true,"href":"https:\/\/jozsefattilaiskola.ro\/index.php?rest_route=\/wp\/v2\/users\/1"}],"replies":[{"embeddable":true,"href":"https:\/\/jozsefattilaiskola.ro\/index.php?rest_route=%2Fwp%2Fv2%2Fcomments&post=2428"}],"version-history":[{"count":65,"href":"https:\/\/jozsefattilaiskola.ro\/index.php?rest_route=\/wp\/v2\/pages\/2428\/revisions"}],"predecessor-version":[{"id":8242,"href":"https:\/\/jozsefattilaiskola.ro\/index.php?rest_route=\/wp\/v2\/pages\/2428\/revisions\/8242"}],"wp:attachment":[{"href":"https:\/\/jozsefattilaiskola.ro\/index.php?rest_route=%2Fwp%2Fv2%2Fmedia&parent=2428"}],"curies":[{"name":"wp","href":"https:\/\/api.w.org\/{rel}","templated":true}]}}