{"id":2363,"date":"2015-01-31T16:19:12","date_gmt":"2015-01-31T16:19:12","guid":{"rendered":"http:\/\/jozsefattilaiskola.ro\/uj\/?page_id=2363"},"modified":"2023-07-06T13:38:08","modified_gmt":"2023-07-06T10:38:08","slug":"nevadonkrol","status":"publish","type":"page","link":"https:\/\/jozsefattilaiskola.ro\/?page_id=2363","title":{"rendered":"N\u00e9vad\u00f3nkr\u00f3l"},"content":{"rendered":"<h1 style=\"text-align: center;\"><span style=\"font-size: 24pt;\"><strong>A\u00a0sz\u00fclet\u00e9st\u0151l\u00a0a p\u00e1lyakezd\u00e9sig<\/strong><\/span><\/h1>\n<p>\u00a0<\/p>\n<p>J\u00f3zsef Attila 1905. \u00e1prilis 11-\u00e9n sz\u00fcletett Budapesten, a Ferencv\u00e1rosban, a G\u00e1t utca 3. sz. h\u00e1zban. Apja J\u00f3zsef \u00c1ron, szappanf\u0151z\u0151 munk\u00e1s, \u00e9desanyja, le\u00e1nykori nev\u00e9n P\u0151cze Borb\u00e1la, h\u00e1ztart\u00e1sbeli volt.<br \/>A csal\u00e1df\u0151 1908. j\u00falius 1-j\u00e9n elhagyta csal\u00e1dj\u00e1t. Az anya napsz\u00e1mos munk\u00e1t v\u00e1llalt, \u00fari h\u00e1zakhoz j\u00e1rt mosni, vasalni, takar\u00edtani, hogy gyermekeinek biztos\u00edtsa a legf\u0151bb sz\u00fcks\u00e9gleteket.<br \/>1910-1912. K\u00e9t kisebb gyermek\u00e9t, Etelk\u00e1t \u00e9s Attil\u00e1t az Orsz\u00e1gos Gyermekv\u00e9d\u0151 Liga \u00d6cs\u00f6d\u00f6n, elevensz\u00fcl\u0151kn\u00e9l helyezte el.<br \/>1912-1913-ban a n\u00e9piskol\u00e1s fi\u00fa megpr\u00f3b\u00e1lkozott a keny\u00e9rkereset szab\u00e1lyos \u00e9s szab\u00e1lytalan form\u00e1ival. T\u00fczel\u0151t lopott, kosarat hordott a v\u00e1s\u00e1rcsarnokb\u00f3l, sz\u00ednes forg\u00f3kat, illetve moziban vizet \u00e1rult.<br \/>1914 v\u00e9g\u00e9n jelentkeztek a Mama m\u00e9hr\u00e1kj\u00e1nak els\u0151 jelei.<br \/>A h\u00e1bor\u00fas nyomor fokoz\u00f3d\u00e1s\u00e1val, a Mama betegs\u00e9g\u00e9nek s\u00falyosbod\u00e1s\u00e1val a fiatal fi\u00fanak egyre nagyobb r\u00e9szt kellett v\u00e1llalnia a csal\u00e1d ell\u00e1t\u00e1s\u00e1b\u00f3l: sorban \u00e1llni a boltok el\u0151tt \u00e9lelem\u00e9rt \u00e9s alkalmi munk\u00e1kat v\u00e1llalni. Ebben az id\u0151ben rikkancs is volt.<br \/>Erre az id\u0151szakra tehet\u0151 a k\u00f6lt\u0151 els\u0151 zseng\u00e9inek (k\u00f6zt\u00fck els\u0151 fennmaradt vers\u00e9nek, a Kedves Joc\u00f3! c\u00edm\u0171nek) sz\u00fclet\u00e9se.<br \/>J\u00f3zsef Jol\u00e1n Makai \u00d6d\u00f6n \u00fcgyv\u00e9d alkalmazottja lett, majd bar\u00e1ti, v\u00e9g\u00fcl szerelmi kapcsolat alakult ki k\u00f6z\u00f6tt\u00fck. Az \u00fcgyv\u00e9d seg\u00edts\u00e9g\u00e9vel 1917. november\u00e9ben a k\u00e9t fiatalabb J\u00f3zsef-testv\u00e9rt menhelyen, Monoron helyezt\u00e9k el, 1918 nyar\u00e1n pedig a K\u00e1roly kir\u00e1ly gyermeknyaraltat\u00e1si akci\u00f3 keret\u00e9ben Abb\u00e1zi\u00e1ban \u00fcd\u00fcltek.<br \/>Makai \u00d6d\u00f6n \u00e9s J\u00f3zsef Jol\u00e1n 1919-ben h\u00e1zass\u00e1got k\u00f6t\u00f6ttek. H\u00e1zass\u00e1ga miatt csal\u00e1dja bojkott\u00e1lta Makait.<br \/>1919 \u0151sz\u00e9n a Mam\u00e1t felvett\u00e9k a Telep utcai sz\u00fcks\u00e9gk\u00f3rh\u00e1zba. Itt hunyt el 1919. december 27-r\u0151l 28-ra virrad\u00f3 \u00e9jszak\u00e1n, mik\u00f6zben fia a szabadsz\u00e1ll\u00e1si rokonokn\u00e1l tart\u00f3zkodott.<br \/>El\u0151sz\u00f6r Nyerges\u00fajfalura k\u00fcldt\u00e9k a szal\u00e9zi\u00e1nus rendhez kispapnak, majd 1920 nyar\u00e1n haj\u00f3sinas lett az Atlantica Tengerhaj\u00f3z\u00e1si Rt. kotr\u00f3haj\u00f3in.<br \/>1920-ban Makai \u00d6d\u00f6n be\u00edratta a mak\u00f3i gimn\u00e1ziumba, \u00e9s helyet szerzett neki a D\u00e9lmagyarorsz\u00e1gi K\u00f6zm\u0171vel\u0151d\u00e9s\u00fcgyi Egylet (DEMKE) mak\u00f3i intern\u00e1tus\u00e1ban.<br \/>1921-t\u0151l kezdve folyamatosan verset \u00edrt.<br \/>1922 tavasz\u00e1n a mak\u00f3i \u00e9rtelmis\u00e9g vezet\u0151i f\u00f6lfigyeltek a tehets\u00e9ges di\u00e1kra. Espersit J\u00e1nos, a baloldali m\u0171v\u00e9szet- \u00e9s irodalomszeret\u0151, mec\u00e9n\u00e1skod\u00f3 \u00fcgyv\u00e9d lak\u00e1sa k\u00f6zpontja volt a mak\u00f3i, s\u0151t szegedi \u00edr\u00f3knak, m\u0171v\u00e9szeknek. 1922 febru\u00e1rj\u00e1ban vagy \u00e1prilis\u00e1ban itt mutatt\u00e1k be J\u00f3zsef Attil\u00e1t Juh\u00e1sz Gyul\u00e1nak. A ny\u00e1ri sz\u00fcnid\u0151re elszeg\u0151d\u00f6tt kukoricacs\u0151sznek Kiszomborba. A szegedi Sz\u00ednh\u00e1z \u00e9s T\u00e1rsas\u00e1g 1922. november 1-j\u00e9n k\u00f6z\u00f6lte T\u00e1vol, zongora mellett \u00e9s \u0150sap\u00e1m c\u00edm\u0171 verseit, \u00e9s n\u00e9h\u00e1ny mondatban bemutatta szerz\u0151j\u00fcket. Ezzel a versk\u00f6zl\u00e9ssel kezd\u0151d\u00f6tt el J\u00f3zsef Attila k\u00f6lt\u0151i p\u00e1ly\u00e1ja.<br \/>A Sz\u00e9ps\u00e9g koldusa c\u00edm\u0171 k\u00f6tete el\u00e9 Juh\u00e1sz Gyula \u00edrt el\u0151sz\u00f3t. December 17-\u00e9n hozta el Szegedr\u0151l els\u0151 k\u00f6tet\u00e9nek p\u00e9ld\u00e1nyait.<br \/><strong>1923<\/strong><br \/>janu\u00e1r 10-\u00e9n kil\u00e9pett a gimn\u00e1ziumb\u00f3l. V\u00e1laszul Makai \u00d6d\u00f6n besz\u00fcntette anyagi t\u00e1mogat\u00e1s\u00e1t, hogy gy\u00e1mfi\u00e1t \u201ejobb \u00fatra\u201d t\u00e9r\u00edtse. A k\u00f6lt\u0151 elhat\u00e1rozta, hogy a VII-VIII. gimn\u00e1zium anyag\u00e1b\u00f3l \u00f6sszevont vizsg\u00e1t tesz. A Nyugat 1923. \u00e1prilis 16-i sz\u00e1ma k\u00f6z\u00f6lte a N\u00e9vnapi dics\u00e9ret, az \u00datrah\u00edv\u00e1s \u00e9s Sacrilegium c\u00edm\u0171 verseit. M\u00e1jusban \u00fcnnepelt\u00e9k Juh\u00e1sz Gyula k\u00f6lt\u0151i m\u0171k\u00f6d\u00e9s\u00e9nek negyedsz\u00e1zados jubileum\u00e1t. A k\u00f6lt\u0151 itt ismerkedett meg Babits Mih\u00e1llyal, Kosztol\u00e1nyi Dezs\u0151vel \u00e9s Szab\u00f3 L\u0151rinccel. J\u00fanius 25-\u00e9n a VII. oszt\u00e1ly tant\u00e1rgyaib\u00f3l j\u00f3 rend\u0171en, a VIII-\u00e9b\u00f3l el\u00e9gs\u00e9gesen vizsg\u00e1zott. December 13-\u00e1n \u00e9retts\u00e9gizett a budapesti Werb\u0151czy gimn\u00e1ziumban. Magyarb\u00f3l Pint\u00e9r Jen\u0151 tanker\u00fcleti f\u0151igazgat\u00f3 teljes\u00edtm\u00e9ny\u00e9t el\u00e9gs\u00e9gesre \u00e9rt\u00e9kelte.<br \/><strong>1924<\/strong><br \/>A F\u0151v\u00e1rosi K\u00f6nyvkiad\u00f3 k\u00f6nyv\u00fcgyn\u00f6kek\u00e9nt dolgozott, majd a Mauthner-f\u00e9le mag\u00e1nbankh\u00e1z banktisztvisel\u0151je volt. A L\u00e1zad\u00f3 Krisztus c\u00edm\u0171 verse miatt j\u00falius 10-\u00e9n a Schadl-tan\u00e1cs nyolc h\u00f3napi fogh\u00e1zra \u00e9s 200.000 korona p\u00e9nzb\u00fcntet\u00e9sre \u00edt\u00e9lte. 1924 \u0151sz\u00e9n lett a szegedi Magyar Kir\u00e1lyi Ferenc J\u00f3zsef Tudom\u00e1nyegyetem magyar&#8211;francia&#8211;filoz\u00f3fia szakos hallgat\u00f3ja. Szegeden sokat n\u00e9lk\u00fcl\u00f6z\u00f6tt. Gyakran ismer\u0151sei l\u00e1tt\u00e1k el \u00e9lelemmel: \u201enapokat evett\u201d. Kar\u00e1csony ut\u00e1n Nem \u00e9n ki\u00e1ltok c\u00edmmel versesk\u00f6tete jelent meg.<br \/><strong>1925<\/strong><br \/>m\u00e1rcius 25-\u00e9n l\u00e1tott napvil\u00e1got a Szeged c\u00edm\u0171 lapban a k\u00f6lt\u0151 Tiszta sz\u00edvvel c\u00edm\u0171 verse. Horger Antal professzor, az egyetem d\u00e9k\u00e1nja m\u00e1rcius 30-\u00e1n eltan\u00e1csolta a tan\u00e1ri p\u00e1ly\u00e1t\u00f3l. Okt\u00f3ber els\u0151 napjaiban B\u00e9csbe utazott. Novemberben a Collegium Hungaricumba k\u00f6lt\u00f6z\u00f6tt, amelynek igazgat\u00f3ja, L\u00e1b\u00e1n Antal p\u00e1rtfog\u00e1s\u00e1ba vette. Megismerkedett Kass\u00e1k Lajossal, N\u00e9meth Andorral, D\u00e9ry Tiborral.<br \/><strong>1926<\/strong><br \/>elej\u00e9n n\u00e9h\u00e1ny napra G\u00e1sp\u00e1r Endre vend\u00e9ge volt, majd egy nyomor\u00fas\u00e1gos di\u00e1kotthonban kapott sz\u00e1ll\u00e1st. J\u00falius v\u00e9g\u00e9n N\u00e9meth Andorral egy\u00fctt t\u00e9rt haza Magyarorsz\u00e1gra. Szeptember 10. k\u00f6r\u00fcl P\u00e1rizsba utazott. Gr\u00e1ber Margit fest\u0151n\u0151vel, S\u00e1ndor K\u00e1lm\u00e1nnal, Cser\u00e9pfalvi Imr\u00e9vel tartott fenn rendszeres kapcsolatot. November 12-\u00e9n iktatt\u00e1k be a Sorbonne egyetemi polg\u00e1rai k\u00f6z\u00e9.<br \/><strong>1927<\/strong><br \/>elej\u00e9n elm\u00e9ly\u00fclten tanulm\u00e1nyozta Fran\u00e7ois Villon k\u00f6lt\u00e9szet\u00e9t. Az Esprit Nouveau c\u00edm\u0171 foly\u00f3irat \u00e1prilisban megjelent sz\u00e1ma k\u00f6z\u00f6lte a k\u00f6lt\u0151 egy francia vers\u00e9t. \u2013 Augusztus k\u00f6zep\u00e9n t\u00e9rt haza Magyarorsz\u00e1gra. Szeptember 28-\u00e1n iratkozott be a budapesti egyetem b\u00f6lcs\u00e9szkar\u00e1ra.<br \/><strong>1928<\/strong><br \/>els\u0151 h\u00f3napjaiban megismerkedett V\u00e1g\u00f3 M\u00e1rt\u00e1val, s nagy szerelem sz\u00f6v\u0151d\u00f6tt k\u00f6z\u00f6tt\u00fck. M\u00e1rta apja r\u00e9v\u00e9n szorosabb kapcsolatba ker\u00fclt Illy\u00e9s Gyul\u00e1val, Kecskem\u00e9ti P\u00e1llal \u00e9s Gy\u00f6rggyel, Ignotus P\u00e1llal, Koml\u00f3s Alad\u00e1rral, Komor Andr\u00e1ssal.<br \/>A Di\u00e1knyomorenyh\u00edt\u0151 akci\u00f3hoz \u00edrott, \u00e1prilis 21-\u00e9n kelt k\u00e9rv\u00e9nye tan\u00fas\u00e1ga szerint nagy nyomorban \u00e9lt, az Andr\u00e1ssy \u00fat 6. sz\u00e1m alatti h\u00e1zban alb\u00e9rletben lakott, \u00e9s egyetemi alapvizsg\u00e1j\u00e1ra k\u00e9sz\u00fclt.<br \/><strong>1929<\/strong><br \/>Nincsen ap\u00e1m, se any\u00e1m c\u00edm\u0171 versesk\u00f6nyve 1929 febru\u00e1r 7-\u00e9n l\u00e1tott napvil\u00e1got. J\u00f3zsef Attila febru\u00e1r 18-\u00e1n, a Bartha Mikl\u00f3s T\u00e1rsas\u00e1g Magyar F\u00f6ld estj\u00e9n szerepelt el\u0151sz\u00f6r a nyilv\u00e1noss\u00e1g el\u0151tt a T\u00e1rsas\u00e1g tagjak\u00e9nt. Decemberben r\u00f6vid ideig munkat\u00e1rsa lett az El\u0151\u00f6rs c\u00edm\u0171, Bajcsy-Zsilinszky Endre szerkeszt\u00e9s\u00e9ben megjelent lapnak. A Nyugat december 1-jei sz\u00e1m\u00e1ban b\u00e1nt\u00f3 hang\u00fa kritika jelent meg N\u00e9meth L\u00e1szl\u00f3 toll\u00e1b\u00f3l a Nincsen ap\u00e1m, se any\u00e1m k\u00f6tetr\u0151l. Ez volt az egyik oka Babits Mih\u00e1ly elleni \u00e9les, igazs\u00e1gtalan \u00e9s r\u00e1n\u00e9zve s\u00falyos k\u00f6vetkezm\u00e9nyekkel j\u00e1r\u00f3 t\u00e1mad\u00e1s\u00e1nak.<br \/><strong>1930<\/strong><br \/>A Babits-ellenes pamflet Az Istenek halnak, az Ember \u00e9l c\u00edmmel a Toll janu\u00e1r 10-i sz\u00e1m\u00e1ban jelent meg. \u00d6sszek\u00f6t\u00f6tte \u00e9let\u00e9t Sz\u00e1nt\u00f3 Judittal.<br \/><strong>1931<\/strong><br \/>febru\u00e1rj\u00e1ban a Jaures-munkak\u00f6z\u00f6ss\u00e9gben felolvasta m\u0171v\u00e9szetb\u00f6lcseleti n\u00e9zeteinek foglalat\u00e1t, az Irodalom \u00e9s szocializmus c\u00edm\u0171 szabadel\u0151ad\u00e1st. A D\u00f6ntsd a t\u0151k\u00e9t, ne sir\u00e1nkozz c\u00edm\u0171 versesk\u00f6tet\u00e9t m\u00e1rcius 18. ut\u00e1n nyomtatta ki.<br \/><strong>1932<\/strong><br \/>j\u00fanius\u00e1ban jelent meg a J\u00f3zsef Attila \u00e9s Fejt\u0151 Ferenc \u00e1ltal szerkesztett Val\u00f3s\u00e1g c\u00edm\u0171 foly\u00f3irat els\u0151 \u00e9s egyetlen sz\u00e1ma. J\u00falius 27-\u00e9n J\u00f3zsef Attila, Illy\u00e9s Gyula \u00e9s Szimonidesz Lajos megfogalmazt\u00e1k a Hal\u00e1lb\u00fcntet\u00e9s elleni r\u00f6piratot, amelynek fellelhet\u0151 p\u00e9ld\u00e1nyait a rend\u0151rs\u00e9g azonnal elkobozta. Szeptember 27-\u00e9n a k\u00fariai fellebbviteli t\u00e1rgyal\u00e1son a D\u00f6ntsd a t\u0151k\u00e9t, ne sir\u00e1nkozz k\u00f6tet miatt elmarasztalt\u00e1k, de a b\u00fcntet\u00e9st h\u00e1rom \u00e9vre felf\u00fcggesztett\u00e9k. Okt\u00f3ber 16-\u00e1n jelent meg a K\u00fclv\u00e1rosi \u00e9j c\u00edm\u0171 verses f\u00fczet.<br \/><strong>1933<\/strong><br \/>janu\u00e1r 28-\u00e1n szoci\u00e1lis helyzet\u00e9re hivatkozva J\u00f3zsef Attila Baumgarten-seg\u00e9ly\u00e9rt folyamodott Babits Mih\u00e1lyhoz, amit k\u00e9s\u0151bb meg is kapott. Febru\u00e1rban jelent meg a T\u00e1rsadalmi Szeml\u00e9ben P\u00e1kozdy Ferenc b\u00e1nt\u00f3 kritik\u00e1ja a K\u00fclv\u00e1rosi \u00e9j k\u00f6tetr\u0151l. \u00c1prilisban a Nyugat t\u00f6bb\u00e9ves sz\u00fcnet ut\u00e1n \u00fajra k\u00f6z\u00f6lt verset J\u00f3zsef Attil\u00e1t\u00f3l. J\u00fanius k\u00f6zep\u00e9n, az IGE lillaf\u00fcredi \u00edr\u00f3het\u00e9n a k\u00f6lt\u0151 megismerkedett Marton M\u00e1rt\u00e1val, ami az \u00d3da meg\u00edr\u00e1s\u00e1ra ihlette.<br \/><strong>1934<\/strong><br \/>elej\u00e9n J\u00f3zsef Attila \u00e9s Sz\u00e1nt\u00f3 Judit egy\u00fctt\u00e9l\u00e9se s\u00falyos v\u00e1ls\u00e1gba ker\u00fclt. A k\u00f6lt\u0151 febru\u00e1r k\u00f6zep\u00e9n lek\u00f6lt\u00f6z\u00f6tt Makai \u00d6d\u00f6nh\u00f6z \u00e9s J\u00f3zsef Et\u00e1hoz H\u00f3dmez\u0151v\u00e1s\u00e1rhelyre, ahol j\u00fanius v\u00e9g\u00e9ig tart\u00f3zkodott. Itt k\u00e9sz\u00edtette el\u0151 a Medvet\u00e1nc k\u00f6tet szerkeszt\u00e9s\u00e9t. 1934 \u0151sz\u00e9n v\u00e1logatott versei k\u00f6tet\u00e9nek kiad\u00e1s\u00e1t Hatvany Lajos, Herz Henrik \u00e9s Hatvany Bertalan seg\u00edts\u00e9g\u00e9vel a R\u00e9vai Irodalmi Int\u00e9zet R.T. v\u00e1llalta. A k\u00f6tet Medvet\u00e1nc c\u00edmmel december elej\u00e9n jelent meg.<br \/><strong>1935<\/strong><br \/>A Baumgarten Alap\u00edtv\u00e1ny kurat\u00f3riuma janu\u00e1r 15-\u00e9n J\u00f3zsef Attila irodalmi m\u0171k\u00f6d\u00e9s\u00e9t ezerpeng\u0151s un. \u201ekisd\u00edjjal\u201d jutalmazta. M\u00e1rcius 22-\u00e9n Illy\u00e9s Gyul\u00e1t \u00e9s Szimonidesz Lajost f\u00f6lmentett\u00e9k a Hal\u00e1lb\u00fcntet\u00e9s elleni r\u00f6pirat per\u00e9ben, J\u00f3zsef Attil\u00e1t a b\u00edr\u00f3s\u00e1g 200 peng\u0151 b\u00edrs\u00e1g kifizet\u00e9s\u00e9re \u00edt\u00e9lte. Ez \u00e9v tavasz\u00e1t\u00f3l kezdve a k\u00f6lt\u0151 Gy\u00f6mr\u00f5i Edithez j\u00e1rt pszicho analitikai kezel\u00e9sre. Ez \u00e9v \u0151sz\u00e9n J\u00f3zsef Attila \u00e9s V\u00e1g\u00f3 M\u00e1rta \u00fajra k\u00f6zeli kapcsolatba ker\u00fcltek egym\u00e1ssal. J\u00f3zsef Attila \u00e9s Ignotus P\u00e1l december 27-\u00e9n k\u00f6t\u00f6ttek szerz\u0151d\u00e9st Cser\u00e9pfalvi Imr\u00e9vel arr\u00f3l, hogy megind\u00edtj\u00e1k a Sz\u00e9p Sz\u00f3 c\u00edm\u0171 foly\u00f3iratot.<br \/><strong>1936<\/strong><br \/>febru\u00e1r v\u00e9g\u00e9n megjelent a Sz\u00e9p Sz\u00f3 els\u0151, m\u00e1rciusi sz\u00e1ma, m\u00e1jusban pedig k\u00f6nyvnapi k\u00fcl\u00f6nsz\u00e1ma, a Mai magyarok r\u00e9gi magyarokr\u00f3l, amelynek \u00e9l\u00e9n J\u00f3zsef Attila A Dun\u00e1n\u00e1l c\u00edm\u0171 verse \u00e1llt. J\u00f3zsef Attila 1936 nyar\u00e1n v\u00e9gleg elszakadt Sz\u00e1nt\u00f3 Juditt\u00f3l. Kar\u00e1csony el\u0151tt a Cser\u00e9pfalvi kiad\u00f3n\u00e1l jelent meg utols\u00f3 versesk\u00f6nyve, a Nagyon f\u00e1j. A k\u00f6lt\u0151t nagyon lehangolta az a t\u00e9ny, hogy verseinek ez\u00fattal sem volt k\u00f6z\u00f6ns\u00e9gsikere.<\/p>\n<p><strong>Az utols\u00f3 esztend\u0151<\/strong><br \/><strong>1937<\/strong><br \/>A janu\u00e1r 13-\u00e1n Thomas Mann tisztelet\u00e9re rendezett felolvas\u00f3 esten a Magyar Sz\u00ednh\u00e1zban J\u00f3zsef Attila erre az alkalomra \u00edrott \u00fcnnepi \u00f3d\u00e1j\u00e1nak el\u0151ad\u00e1s\u00e1t a Bel\u00fcgyminiszt\u00e9rium megtiltotta. Febru\u00e1r v\u00e9g\u00e9n ismerkedett meg szerelmes versei utols\u00f3 sorozat\u00e1nak ihlet\u0151j\u00e9vel, Kozmutza Fl\u00f3r\u00e1val. M\u00e1jusban megjelent a Sz\u00e9p Sz\u00f3 k\u00f6nyvnapi k\u00fcl\u00f6nsz\u00e1ma Mi a magyar most? c\u00edmmel, amelyet J\u00f3zsef Attila Haz\u00e1m c\u00edm\u0171 szonett ciklusa vezetett be. J\u00falius m\u00e1sodik fel\u00e9ben k\u00f6vetkezett be a k\u00f6lt\u0151 utols\u00f3, tragikus ideg\u00f6sszeoml\u00e1sa. A k\u00f6lt\u0151 november 4-\u00e9n elhagyta a Siesta szanat\u00f3riumot \u00e9s Balatonsz\u00e1rsz\u00f3ra utazott. Budapesti bar\u00e1tai azt tervezt\u00e9k, hogy ha \u00e1llapot\u00e1ban javul\u00e1s \u00e1ll be, lektori \u00e1ll\u00e1st biztos\u00edtanak sz\u00e1m\u00e1ra a Pantheon kiad\u00f3ban. A Baumgarten Alap\u00edtv\u00e1ny kurat\u00f3riuma nem-hivatalosan k\u00f6z\u00f6lte a k\u00f6lt\u0151 hozz\u00e1tartoz\u00f3ival, hogy ebben az \u00e9vben oda akarj\u00e1k \u00edt\u00e9lni a k\u00f6lt\u0151nek a Baumgarten-d\u00edjat. A k\u00f6lt\u0151t azonban n\u0151v\u00e9rei nem akart\u00e1k az egyel\u0151re bizonytalan h\u00edrrel nyugtalan\u00edtani.<br \/>J\u00f3zsef Attila 1937. december 3-\u00e1n 19 \u00f3ra 35 perckor a balatonsz\u00e1rsz\u00f3i \u00e1llom\u00e1son \u00f6ngyilkoss\u00e1got k\u00f6vetett el. A lassan mozg\u00e1sba lend\u00fcl\u00f5 1284-es sz\u00e1m\u00fa tehervonat 1963. \u00e9s 1964. sz\u00e1m\u00fa kocsija k\u00f6z\u00e9 b\u00fajt, \u00e9s a vonat hal\u00e1lra g\u00e1zolta.<br \/>Temet\u00e9se 1937. december 5-\u00e9n volt a balatonsz\u00e1rsz\u00f3i temet\u00f5ben.<\/p>\n<div id=\"metaslider-id-2408\" style=\"max-width: 640px;\" class=\"ml-slider-3-92-1 metaslider metaslider-nivo metaslider-2408 ml-slider ms-theme-default\" role=\"region\" aria-roledescription=\"Slideshow\" aria-label=\"Nevadonk\">\n    <div id=\"metaslider_container_2408\">\n        <div class='slider-wrapper theme-default'><div class='ribbon'><\/div><div id='metaslider_2408' class='nivoSlider'><img loading=\"lazy\" decoding=\"async\" src=\"https:\/\/jozsefattilaiskola.ro\/wp-content\/uploads\/2015\/02\/jattilakicsi-315x226.jpg\" height=\"460\" width=\"640\" alt=\"\" class=\"slider-2408 slide-2413\" \/><img loading=\"lazy\" decoding=\"async\" src=\"https:\/\/jozsefattilaiskola.ro\/wp-content\/uploads\/2015\/02\/jattilacsalad-454x326.jpg\" height=\"460\" width=\"640\" alt=\"\" class=\"slider-2408 slide-2410\" \/><img loading=\"lazy\" decoding=\"async\" src=\"https:\/\/jozsefattilaiskola.ro\/wp-content\/uploads\/2015\/02\/jattilafiatal-453x325.jpg\" height=\"460\" width=\"640\" alt=\"\" class=\"slider-2408 slide-2412\" \/><img loading=\"lazy\" decoding=\"async\" src=\"https:\/\/jozsefattilaiskola.ro\/wp-content\/uploads\/2015\/02\/jattila-309x222.jpg\" height=\"460\" width=\"640\" alt=\"\" class=\"slider-2408 slide-2409\" \/><img loading=\"lazy\" decoding=\"async\" src=\"https:\/\/jozsefattilaiskola.ro\/wp-content\/uploads\/2015\/02\/jattilamama-244x175.jpg\" height=\"460\" width=\"640\" alt=\"\" class=\"slider-2408 slide-2414\" \/><img loading=\"lazy\" decoding=\"async\" src=\"https:\/\/jozsefattilaiskola.ro\/wp-content\/uploads\/2015\/02\/jattilamunkagep-320x230.jpg\" height=\"460\" width=\"640\" alt=\"\" class=\"slider-2408 slide-2415\" \/><img loading=\"lazy\" decoding=\"async\" src=\"https:\/\/jozsefattilaiskola.ro\/wp-content\/uploads\/2015\/02\/jattilaDunapart-332x238.jpg\" height=\"460\" width=\"640\" alt=\"\" class=\"slider-2408 slide-2411\" \/><\/div><\/div>\n        \n    <\/div>\n<\/div>\n\n<div id=\"themify_builder_content-2363\" data-postid=\"2363\" class=\"themify_builder_content themify_builder_content-2363 themify_builder\">\n\n    <\/div>\n","protected":false},"excerpt":{"rendered":"<p>A\u00a0sz\u00fclet\u00e9st\u0151l\u00a0a p\u00e1lyakezd\u00e9sig \u00a0 J\u00f3zsef Attila 1905. \u00e1prilis 11-\u00e9n sz\u00fcletett Budapesten, a Ferencv\u00e1rosban, a G\u00e1t utca 3. sz. h\u00e1zban. Apja J\u00f3zsef \u00c1ron, szappanf\u0151z\u0151 munk\u00e1s, \u00e9desanyja, le\u00e1nykori nev\u00e9n P\u0151cze Borb\u00e1la, h\u00e1ztart\u00e1sbeli volt.A csal\u00e1df\u0151 1908. j\u00falius 1-j\u00e9n elhagyta csal\u00e1dj\u00e1t. Az anya napsz\u00e1mos munk\u00e1t v\u00e1llalt, \u00fari h\u00e1zakhoz j\u00e1rt mosni, vasalni, takar\u00edtani, hogy gyermekeinek biztos\u00edtsa a legf\u0151bb sz\u00fcks\u00e9gleteket.1910-1912. K\u00e9t kisebb [&hellip;]<\/p>\n","protected":false},"author":1,"featured_media":0,"parent":0,"menu_order":0,"comment_status":"open","ping_status":"open","template":"","meta":{"footnotes":""},"class_list":["post-2363","page","type-page","status-publish","hentry","no-post-title","no-post-date","has-post-category","has-post-tag","has-post-comment","has-post-author",""],"builder_content":"","_links":{"self":[{"href":"https:\/\/jozsefattilaiskola.ro\/index.php?rest_route=\/wp\/v2\/pages\/2363"}],"collection":[{"href":"https:\/\/jozsefattilaiskola.ro\/index.php?rest_route=\/wp\/v2\/pages"}],"about":[{"href":"https:\/\/jozsefattilaiskola.ro\/index.php?rest_route=\/wp\/v2\/types\/page"}],"author":[{"embeddable":true,"href":"https:\/\/jozsefattilaiskola.ro\/index.php?rest_route=\/wp\/v2\/users\/1"}],"replies":[{"embeddable":true,"href":"https:\/\/jozsefattilaiskola.ro\/index.php?rest_route=%2Fwp%2Fv2%2Fcomments&post=2363"}],"version-history":[{"count":13,"href":"https:\/\/jozsefattilaiskola.ro\/index.php?rest_route=\/wp\/v2\/pages\/2363\/revisions"}],"predecessor-version":[{"id":7190,"href":"https:\/\/jozsefattilaiskola.ro\/index.php?rest_route=\/wp\/v2\/pages\/2363\/revisions\/7190"}],"wp:attachment":[{"href":"https:\/\/jozsefattilaiskola.ro\/index.php?rest_route=%2Fwp%2Fv2%2Fmedia&parent=2363"}],"curies":[{"name":"wp","href":"https:\/\/api.w.org\/{rel}","templated":true}]}}